{"id":301,"date":"2025-01-22T20:02:52","date_gmt":"2025-01-22T19:02:52","guid":{"rendered":"http:\/\/ronny-sachse.de\/brettken\/?page_id=301"},"modified":"2025-01-22T20:02:52","modified_gmt":"2025-01-22T19:02:52","slug":"es-faehrt-kein-zug-nach-irgendwo","status":"publish","type":"page","link":"http:\/\/ronny-sachse.de\/brettken\/es-faehrt-kein-zug-nach-irgendwo\/","title":{"rendered":"Es f\u00e4hrt kein Zug nach Irgendwo"},"content":{"rendered":"\n<p>Eine Bahnhofs-Kom\u00f6die in zwei Akten von Winnie Abel<\/p>\n\n\n\n<p><\/p>\n\n\n\n<p><strong>Zum Inhalt<\/strong><\/p>\n\n\n\n<p><\/p>\n\n\n\n<p><em>Sind Sie schon mal schwer bepackt durch den Bahnhof gesprintet, weil das Gleis spontan<br>ge\u00e4ndert wurde? Oder durch einen Zug mit falscher Wagenreihung geirrt? Und standen Sie<br>schon mal stundenlang mit einem Triebwerkschaden auf offener Strecke \u2013 im Hochsommer,<br>bei ausgefallener Klimaanlage? \u201eKlar! Ist doch typisch Bahn!\u201c, sagen Sie? Gro\u00dfartig! Denn<br>dann sind Sie bestens vorbereitet auf dieses fulminante Bahn-Abenteuer: Der ICE 6948 wird<br>einen au\u00dferplanm\u00e4\u00dfigen Halt einlegen m\u00fcssen und Sie und die anderen Fahrg\u00e4ste an einem<br>trostlosen Provinzbahnhof zur\u00fccklassen. Ohne Handyempfang, ohne Taxis, ohne eine<br>Aussicht auf Weiterfahrt. Stattdessen erfahren Sie, dass unter den Fahrg\u00e4sten wom\u00f6glich ein<br>Psychopath ist \u2013 und ein unglaublich witziges Nervenchaos nimmt seinen Lauf.<br>Ihre Mitreisenden bei dieser spannenden Bahn-Odyssee sind: ein illustrer Kegel-Club, eine<br>gehetzte Business-Frau, ein eigenwilliger Verschw\u00f6rungstheoretiker und eine abgedrehte<br>Motivationstrainerin.<br>Das klingt vielversprechend? Dann holen Sie sich eine Fahrkarte und seien Sie dabei, wenn es<br>hei\u00dft: \u201eSenk ju vor tr\u00e4welling wis Deutsche Bahn!\u201c<\/em><\/p>\n\n\n\n<p><\/p>\n\n\n\n<p><strong>Auff\u00fchrungsort<\/strong><\/p>\n\n\n\n<h3>Werkhof Kulturzentrum e.V. im Theatersaal<\/h3>\n\n\n\n<p>Kaiserstr. 1<br>58119 Hagen-Hohenlimburg<\/p>\n\n\n\n<p><\/p>\n","protected":false},"excerpt":{"rendered":"<p>Eine Bahnhofs-Kom\u00f6die in zwei Akten von Winnie Abel Zum Inhalt Sind Sie schon mal schwer bepackt durch den Bahnhof gesprintet, weil das Gleis spontange\u00e4ndert wurde? Oder durch einen Zug mit falscher Wagenreihung geirrt? Und standen Sieschon mal stundenlang mit einem Triebwerkschaden auf offener Strecke \u2013 im Hochsommer,bei ausgefallener Klimaanlage? \u201eKlar! Ist doch typisch Bahn!\u201c, sagen &#8230; <a title=\"Es f\u00e4hrt kein Zug nach Irgendwo\" class=\"read-more\" href=\"http:\/\/ronny-sachse.de\/brettken\/es-faehrt-kein-zug-nach-irgendwo\/\">weiterlesen<\/a><\/p>\n","protected":false},"author":1,"featured_media":0,"parent":0,"menu_order":0,"comment_status":"closed","ping_status":"closed","template":"","meta":[],"_links":{"self":[{"href":"http:\/\/ronny-sachse.de\/brettken\/wp-json\/wp\/v2\/pages\/301"}],"collection":[{"href":"http:\/\/ronny-sachse.de\/brettken\/wp-json\/wp\/v2\/pages"}],"about":[{"href":"http:\/\/ronny-sachse.de\/brettken\/wp-json\/wp\/v2\/types\/page"}],"author":[{"embeddable":true,"href":"http:\/\/ronny-sachse.de\/brettken\/wp-json\/wp\/v2\/users\/1"}],"replies":[{"embeddable":true,"href":"http:\/\/ronny-sachse.de\/brettken\/wp-json\/wp\/v2\/comments?post=301"}],"version-history":[{"count":1,"href":"http:\/\/ronny-sachse.de\/brettken\/wp-json\/wp\/v2\/pages\/301\/revisions"}],"predecessor-version":[{"id":302,"href":"http:\/\/ronny-sachse.de\/brettken\/wp-json\/wp\/v2\/pages\/301\/revisions\/302"}],"wp:attachment":[{"href":"http:\/\/ronny-sachse.de\/brettken\/wp-json\/wp\/v2\/media?parent=301"}],"curies":[{"name":"wp","href":"https:\/\/api.w.org\/{rel}","templated":true}]}}