{"id":270,"date":"2023-08-04T16:19:59","date_gmt":"2023-08-04T15:19:59","guid":{"rendered":"http:\/\/ronny-sachse.de\/brettken\/?page_id=270"},"modified":"2023-08-04T16:37:36","modified_gmt":"2023-08-04T15:37:36","slug":"halbpension-mit-leiche","status":"publish","type":"page","link":"http:\/\/ronny-sachse.de\/brettken\/halbpension-mit-leiche\/","title":{"rendered":"Halbpension mit Leiche"},"content":{"rendered":"\n<p>Kriminalkom\u00f6die \u201eHalbpension mit Leiche\u201c aus den Federn der Autorengruppe \u201eDie Acht\u201c (Kathrin Heinrichs, Peter Godazgar, Carsten S. Henn, J\u00fcrgen Kehrer, Ralf Kramp, Tatjana Kruse, Sandra L\u00fcpkes, Sabine Trinkaus).<\/p>\n\n\n\n<p><\/p>\n\n\n\n<p><strong>Zum Inhalt:<\/strong><br>Die f\u00fcnf ziemlich schr\u00e4gen Teilnehmer einer seit Jahren bestehenden Psycho-Selbsthilfegruppe haben einen gemeinsamen, gro\u00dfen Traum:<br>die Er\u00f6ffnung einer G\u00e4ste-Pension. Trotz des Fehlens jeglicher Erfahrung und Sachkenntnis in dieser Branche st\u00fcrzen sie sich<br>zusammen in das gro\u00dfe Abenteuer ihres Lebens, und schon bald steht die Pension \u201eF\u00fcnf im Gl\u00fcck\u201c kurz vor der Er\u00f6ffnung!<\/p>\n\n\n\n<p>Kleinigkeiten wie der viel zu mickrige Speisesaal, merkw\u00fcrdig schmeckendes Essen oder die katastrophale Buchf\u00fchrung halten die\u00a0<br>chaotische, aber hochmotivierte Truppe nicht auf \u2013 aber eine H\u00fcrde gibt es noch zu nehmen: der gef\u00fcrchtete und pingelige Pr\u00fcfer des<br>Hotelverbandes hat sich angek\u00fcndigt.<\/p>\n\n\n\n<figure class=\"wp-block-image size-medium is-style-default\"><a href=\"http:\/\/ronny-sachse.de\/brettken\/wp-content\/uploads\/2023\/08\/Das-Brettcken-am-Puett-2.jpg\"><img loading=\"lazy\" width=\"300\" height=\"264\" src=\"http:\/\/ronny-sachse.de\/brettken\/wp-content\/uploads\/2023\/08\/Das-Brettcken-am-Puett-2-300x264.jpg\" alt=\"\" class=\"wp-image-278\" srcset=\"http:\/\/ronny-sachse.de\/brettken\/wp-content\/uploads\/2023\/08\/Das-Brettcken-am-Puett-2-300x264.jpg 300w, http:\/\/ronny-sachse.de\/brettken\/wp-content\/uploads\/2023\/08\/Das-Brettcken-am-Puett-2-1024x901.jpg 1024w, http:\/\/ronny-sachse.de\/brettken\/wp-content\/uploads\/2023\/08\/Das-Brettcken-am-Puett-2-768x676.jpg 768w, http:\/\/ronny-sachse.de\/brettken\/wp-content\/uploads\/2023\/08\/Das-Brettcken-am-Puett-2-1536x1351.jpg 1536w, http:\/\/ronny-sachse.de\/brettken\/wp-content\/uploads\/2023\/08\/Das-Brettcken-am-Puett-2.jpg 1920w\" sizes=\"(max-width: 300px) 100vw, 300px\" \/><\/a><\/figure>\n\n\n\n<p>Und fast noch schlimmer: die Psychologin der Selbsthilfegruppe \u00fcberrascht die frischgebackenenen Pensionsbetreiber mit einem<br>spontanen Besuch und hat auch noch ihren etwas naiven Gatten mitgebracht.<\/p>\n\n\n\n<p>Die Nervosit\u00e4t w\u00e4chst allerseits\u2026 und langsam kommt bei allen der Verdacht auf: spielen hier alle mit offenen Karten? Sind alle das, was<br>sie zu sein scheinen? Oder verfolgt der eine oder andere etwa irgendwelche finsteren Absichten?<br>Und schon bald bewahrheiten sich die Bef\u00fcrchtungen: es gibt die erste Leiche in der Pension\u2026!<\/p>\n\n\n\n<p><\/p>\n\n\n\n<p><\/p>\n\n\n\n<p>Auff\u00fchrungsort :<\/p>\n\n\n\n<h3>Werkhof Kulturzentrum e.V. im Theatersaal<\/h3>\n\n\n\n<p>Kaiserstr. 1<br>58119 Hagen-Hohenlimburg<\/p>\n\n\n\n<p><\/p>\n","protected":false},"excerpt":{"rendered":"<p>Kriminalkom\u00f6die \u201eHalbpension mit Leiche\u201c aus den Federn der Autorengruppe \u201eDie Acht\u201c (Kathrin Heinrichs, Peter Godazgar, Carsten S. Henn, J\u00fcrgen Kehrer, Ralf Kramp, Tatjana Kruse, Sandra L\u00fcpkes, Sabine Trinkaus). Zum Inhalt:Die f\u00fcnf ziemlich schr\u00e4gen Teilnehmer einer seit Jahren bestehenden Psycho-Selbsthilfegruppe haben einen gemeinsamen, gro\u00dfen Traum:die Er\u00f6ffnung einer G\u00e4ste-Pension. Trotz des Fehlens jeglicher Erfahrung und Sachkenntnis in &#8230; <a title=\"Halbpension mit Leiche\" class=\"read-more\" href=\"http:\/\/ronny-sachse.de\/brettken\/halbpension-mit-leiche\/\">weiterlesen<\/a><\/p>\n","protected":false},"author":1,"featured_media":0,"parent":0,"menu_order":0,"comment_status":"closed","ping_status":"closed","template":"","meta":[],"_links":{"self":[{"href":"http:\/\/ronny-sachse.de\/brettken\/wp-json\/wp\/v2\/pages\/270"}],"collection":[{"href":"http:\/\/ronny-sachse.de\/brettken\/wp-json\/wp\/v2\/pages"}],"about":[{"href":"http:\/\/ronny-sachse.de\/brettken\/wp-json\/wp\/v2\/types\/page"}],"author":[{"embeddable":true,"href":"http:\/\/ronny-sachse.de\/brettken\/wp-json\/wp\/v2\/users\/1"}],"replies":[{"embeddable":true,"href":"http:\/\/ronny-sachse.de\/brettken\/wp-json\/wp\/v2\/comments?post=270"}],"version-history":[{"count":4,"href":"http:\/\/ronny-sachse.de\/brettken\/wp-json\/wp\/v2\/pages\/270\/revisions"}],"predecessor-version":[{"id":279,"href":"http:\/\/ronny-sachse.de\/brettken\/wp-json\/wp\/v2\/pages\/270\/revisions\/279"}],"wp:attachment":[{"href":"http:\/\/ronny-sachse.de\/brettken\/wp-json\/wp\/v2\/media?parent=270"}],"curies":[{"name":"wp","href":"https:\/\/api.w.org\/{rel}","templated":true}]}}