{"id":23,"date":"2015-02-23T16:41:16","date_gmt":"2015-02-23T15:41:16","guid":{"rendered":"http:\/\/ronny-sachse.de\/brettken\/?page_id=23"},"modified":"2025-01-22T20:09:16","modified_gmt":"2025-01-22T19:09:16","slug":"home","status":"publish","type":"page","link":"http:\/\/ronny-sachse.de\/brettken\/","title":{"rendered":"Es f\u00e4hrt kein Zug nach Irgendwo"},"content":{"rendered":"\n<figure class=\"wp-block-image size-large is-style-default\"><a href=\"http:\/\/ronny-sachse.de\/brettken\/wp-content\/uploads\/2025\/01\/droege-1536x1024-1.jpg\"><img loading=\"lazy\" width=\"1024\" height=\"683\" src=\"http:\/\/ronny-sachse.de\/brettken\/wp-content\/uploads\/2025\/01\/droege-1536x1024-1-1024x683.jpg\" alt=\"\" class=\"wp-image-295\" srcset=\"http:\/\/ronny-sachse.de\/brettken\/wp-content\/uploads\/2025\/01\/droege-1536x1024-1-1024x683.jpg 1024w, http:\/\/ronny-sachse.de\/brettken\/wp-content\/uploads\/2025\/01\/droege-1536x1024-1-300x200.jpg 300w, http:\/\/ronny-sachse.de\/brettken\/wp-content\/uploads\/2025\/01\/droege-1536x1024-1-768x512.jpg 768w, http:\/\/ronny-sachse.de\/brettken\/wp-content\/uploads\/2025\/01\/droege-1536x1024-1.jpg 1536w\" sizes=\"(max-width: 1024px) 100vw, 1024px\" \/><\/a><\/figure>\n\n\n<p><\/p>\n<p>Samstag, 15.02.25, Sonntag, 16.02.25, Freitag, 21.02.25, Sonntag 23.02.25<\/p>\n<p>Beginn jeweils 19:30<\/p>\n<p>Einlass ein Stunde vorher<\/p>\n<p><\/p>\n\n\n<\/span><\/p>\n<p>Tickets sind ab sofort verf\u00fcgbar.<\/p>\n<p><span style=\"font-size: revert; color: initial;\">\n\n\n<p>Diese k\u00f6nnen \u00fcber die Seite des\u00a0<a href=\"https:\/\/werkhof-kulturzentrum.de\/events\/liste\/?tribe-bar-search=Brettken\" target=\"_blank\" rel=\"noreferrer noopener\">Werkhof Hohenlimburg<\/a> zum Preis von 12,00 \u20ac erworben werden<\/p>\n<p>\u00a0<\/p>\n<p>Mehr zum St\u00fcck k\u00f6nnt ihr\u00a0<a href=\"http:\/\/ronny-sachse.de\/brettken\/es-faehrt-kein-zug-nach-irgendwo\/\">hier<\/a> erfahren<\/p>\n<p>\u00a0<\/p>","protected":false},"excerpt":{"rendered":"<p>Samstag, 15.02.25, Sonntag, 16.02.25, Freitag, 21.02.25, Sonntag 23.02.25 Beginn jeweils 19:30 Einlass ein Stunde vorher Tickets sind ab sofort verf\u00fcgbar. Diese k\u00f6nnen \u00fcber die Seite des\u00a0Werkhof Hohenlimburg zum Preis von 12,00 \u20ac erworben werden \u00a0 Mehr zum St\u00fcck k\u00f6nnt ihr\u00a0hier erfahren \u00a0<\/p>\n","protected":false},"author":1,"featured_media":0,"parent":0,"menu_order":0,"comment_status":"closed","ping_status":"open","template":"","meta":[],"_links":{"self":[{"href":"http:\/\/ronny-sachse.de\/brettken\/wp-json\/wp\/v2\/pages\/23"}],"collection":[{"href":"http:\/\/ronny-sachse.de\/brettken\/wp-json\/wp\/v2\/pages"}],"about":[{"href":"http:\/\/ronny-sachse.de\/brettken\/wp-json\/wp\/v2\/types\/page"}],"author":[{"embeddable":true,"href":"http:\/\/ronny-sachse.de\/brettken\/wp-json\/wp\/v2\/users\/1"}],"replies":[{"embeddable":true,"href":"http:\/\/ronny-sachse.de\/brettken\/wp-json\/wp\/v2\/comments?post=23"}],"version-history":[{"count":45,"href":"http:\/\/ronny-sachse.de\/brettken\/wp-json\/wp\/v2\/pages\/23\/revisions"}],"predecessor-version":[{"id":306,"href":"http:\/\/ronny-sachse.de\/brettken\/wp-json\/wp\/v2\/pages\/23\/revisions\/306"}],"wp:attachment":[{"href":"http:\/\/ronny-sachse.de\/brettken\/wp-json\/wp\/v2\/media?parent=23"}],"curies":[{"name":"wp","href":"https:\/\/api.w.org\/{rel}","templated":true}]}}