{"id":192,"date":"2018-06-12T18:12:13","date_gmt":"2018-06-12T17:12:13","guid":{"rendered":"http:\/\/ronny-sachse.de\/brettken\/?page_id=192"},"modified":"2018-06-12T18:12:59","modified_gmt":"2018-06-12T17:12:59","slug":"winterstueck-2017-peter-pan","status":"publish","type":"page","link":"http:\/\/ronny-sachse.de\/brettken\/winterstueck-2017-peter-pan\/","title":{"rendered":"\u2014 \u2014 Winterst\u00fcck 2017 \u2013 Peter Pan"},"content":{"rendered":"<p><span style=\"text-decoration: underline; color: #008000;\"><strong>&#8222;Peter Pan&#8220;<\/strong><\/span><br \/>\n<i>ein Theaterst\u00fcck nach dem Buch von James Matthew Barrie in der Fassung von Marcus Mislin mit Liedtexten von Markus Reyhani<\/i><\/p>\n<p>Peter Pan ist ein Junge, der niemals erwachsen wird (und das auch gar nicht will). Er lebt mit einer Gruppe von anderen Kindern, den &#8222;Verlorenen Jungen&#8220;, sowie einigen Indianerkindern und einer Fee auf einer fernen Insel namens Nimmerland. Das ist ein seltsamer und abenteuerlicher Ort: hier wird scheinbar \u00fcberhaupt niemand erwachsen! Peter Pan ist der Anf\u00fchrer der Gruppe und bisher das einzige Kind, dass nur mit der Kraft seiner Gedanken weit und schnell durch die Luft fliegen kann. In Nimmerland gibt es aber auch gef\u00e4hrliche Piraten mit ihrem Anf\u00fchrer, dem gemeinen und listigen Kapit\u00e4n Hook. Peter Pan und Hook sind schon lange verfeindet und bek\u00e4mpfen sich andauernd. Nachdem bei einem dieser K\u00e4mpfe Kapit\u00e4n Hooks Hand von einem Krokodil gefressen wurde und er deshalb einen Piratenhaken tragen muss, sinnt er stets auf Rache an Peter Pan. Aber zum Gl\u00fcck sind bisher die Piraten von Peter und den anderen Kindern immer wieder besiegt worden. Bei einem n\u00e4chtlichen Ausflug nach London begegnet Peter dem M\u00e4dchen Wendy Darling, das unglaublich spannende Geschichten erz\u00e4hlen kann. Er nimmt Wendy und ihre Br\u00fcder John und Michael mit ins Nimmerland, wo Wendy f\u00fcr Peter und die verlorenen Jungs eine Mutterrolle \u00fcbernimmt. Zusammen erleben sie ein fantastisches Abenteuer.<\/p>\n<p><a href=\"http:\/\/ronny-sachse.de\/brettken\/wp-content\/uploads\/2017\/11\/IMGP5380-schmal-web.jpg\"><img loading=\"lazy\" class=\"aligncenter size-large wp-image-167\" src=\"http:\/\/ronny-sachse.de\/brettken\/wp-content\/uploads\/2017\/11\/IMGP5380-schmal-web-1024x447.jpg\" alt=\"\" width=\"1024\" height=\"447\" srcset=\"http:\/\/ronny-sachse.de\/brettken\/wp-content\/uploads\/2017\/11\/IMGP5380-schmal-web-1024x447.jpg 1024w, http:\/\/ronny-sachse.de\/brettken\/wp-content\/uploads\/2017\/11\/IMGP5380-schmal-web-300x131.jpg 300w, http:\/\/ronny-sachse.de\/brettken\/wp-content\/uploads\/2017\/11\/IMGP5380-schmal-web-768x335.jpg 768w, http:\/\/ronny-sachse.de\/brettken\/wp-content\/uploads\/2017\/11\/IMGP5380-schmal-web.jpg 1096w\" sizes=\"(max-width: 1024px) 100vw, 1024px\" \/><\/a><\/p>\n<p>&nbsp;<\/p>\n<p>&nbsp;<\/p>\n<p><span style=\"text-decoration: underline; color: #fe990e;\"><strong><span style=\"color: #008000; text-decoration: underline;\">Besetzungsliste &#8222;Peter Pan&#8220;<\/span><br \/>\n<\/strong><\/span><\/p>\n<p><strong>Thorsten K\u00fchn<\/strong><br \/>\nPeter Pan (der Junge, der nie erwachsen wird)<\/p>\n<p><strong>Frauke R\u00f6mer<\/strong><br \/>\nTinkerbell (die Fee)<\/p>\n<p><strong>Amrei Podworny<\/strong><br \/>\nWendy Darling (ein M\u00e4dchen das gut Geschichten erz\u00e4hlt)<\/p>\n<p><strong>Felix Podworny<\/strong><br \/>\nJohn Darling (Wendys kleiner Bruder, frech und abenteuerlustig)<\/p>\n<p><strong>Thessa R\u00f6mer<\/strong><br \/>\nMichael Darling (Wendys kleinster Bruder, eher \u00e4ngstlich)<\/p>\n<p><strong>Dr. Michael Podworny<\/strong><br \/>\nMr. Darling (Vater von Wendy, John und Michael)<br \/>\nKapit\u00e4n James Hook (Piratenkapit\u00e4n auf der &#8222;Jolly Roger&#8220;; Peter Pans Erzfeind)<\/p>\n<p><strong>Britta Podworny<\/strong><br \/>\nMrs. Darling (Mutter von Wendy, John und Michael)<br \/>\nStarkey (Matrose auf der &#8222;Jolly Roger&#8220;)<\/p>\n<p><strong>Julia R\u00f6mer<\/strong><br \/>\nNana (Hund der Familie und (aus Kostengr\u00fcnden) auch Babysitter)<br \/>\nTooties (einer der &#8222;Verlorenen Jungen&#8220; auf Nimmerland, sehr pflichtbewusst)<\/p>\n<p><strong>Michael Kr\u00fcger<\/strong><br \/>\nSmee (Matrose auf der &#8222;Jolly Roger&#8220; und Hooks bester Mann, aber nicht der Schlaueste)<\/p>\n<p><strong>Sidonie R\u00f6mer<\/strong><br \/>\nTiger-Lilly (H\u00e4uptlingin der Indianer auf Pans Insel &#8222;Nimmerland&#8220;)<\/p>\n<p><strong>Katharina Lange von Stocmeier<\/strong><br \/>\nCurly (ein weiterer &#8222;Verlorener Junge&#8220; auf Nimmerland)<\/p>\n<p>* * * * * * * * * * * * * * * * * * * * * * * * * * * * * * * *<\/p>\n<p><span style=\"text-decoration: underline;\"><strong>Regie\/Spielleitung<br \/>\n<\/strong><\/span>Dr. Michael Podworny<\/p>\n<p><span style=\"text-decoration: underline;\"><strong>Gesangstraining<br \/>\n<\/strong><\/span>R\u00fcdiger Grawe<\/p>\n<p><span style=\"text-decoration: underline;\"><strong>Tanztraining<br \/>\n<\/strong><\/span>Thorsten Paul<\/p>\n<p><span style=\"text-decoration: underline;\"><strong>Plakatentwurf<br \/>\n<\/strong><\/span>Andreas Schlennstedt, Ronny Sachse<\/p>\n<p><span style=\"text-decoration: underline;\"><strong>Technik\/B\u00fchnenbau<br \/>\n<\/strong><\/span>das gesamte Ensemble und viele andere<\/p>\n<p>&nbsp;<\/p>\n<p>&nbsp;<\/p>\n<p><span style=\"color: #008000;\"><b>Auff\u00fchrungstermine &#8222;Peter Pan&#8220;<\/b><\/span><\/p>\n<p>Samstag <b><i>Premiere<\/i><\/b><br \/>\n25.11.2017 &#8211; 17:00 Uhr<\/p>\n<p>Sonntag<br \/>\n26.11.2017 &#8211; 16:00 Uhr<\/p>\n<p>Mittwoch<br \/>\n29.11.2017 &#8211; 17:00 Uhr<\/p>\n<p>Samstag<br \/>\n02.12.2017 &#8211; 17:00 Uhr<\/p>\n<p>Sonntag<br \/>\n03.12.2017 &#8211; 16:00 Uhr<\/p>\n<p>Einlass ist jeweils eine Stunde vor Beginn der Auff\u00fchrung.<\/p>\n<p><strong>Auff\u00fchrungsort:<\/strong><br \/>\nLennehalle, Holensiepen 2a, 58769 Nachrodt-Wiblingwerde<\/p>\n<p><strong>Eintrittspreise:<\/strong><br \/>\nErwachsene 8,00 EUR, Kinder und Jugendliche 4,00 EUR<br \/>\nFamilienkarte 20,00 EUR (2 Erwachsene, 2 Kinder)<\/p>\n<p><center><b>Wir freuen uns auf Ihren Besuch!<\/b><\/center><\/p>\n","protected":false},"excerpt":{"rendered":"<p>&#8222;Peter Pan&#8220; ein Theaterst\u00fcck nach dem Buch von James Matthew Barrie in der Fassung von Marcus Mislin mit Liedtexten von Markus Reyhani Peter Pan ist ein Junge, der niemals erwachsen wird (und das auch gar nicht will). Er lebt mit einer Gruppe von anderen Kindern, den &#8222;Verlorenen Jungen&#8220;, sowie einigen Indianerkindern und einer Fee auf &#8230; <a title=\"\u2014 \u2014 Winterst\u00fcck 2017 \u2013 Peter Pan\" class=\"read-more\" href=\"http:\/\/ronny-sachse.de\/brettken\/winterstueck-2017-peter-pan\/\">weiterlesen<\/a><\/p>\n","protected":false},"author":1,"featured_media":0,"parent":0,"menu_order":0,"comment_status":"closed","ping_status":"closed","template":"","meta":[],"_links":{"self":[{"href":"http:\/\/ronny-sachse.de\/brettken\/wp-json\/wp\/v2\/pages\/192"}],"collection":[{"href":"http:\/\/ronny-sachse.de\/brettken\/wp-json\/wp\/v2\/pages"}],"about":[{"href":"http:\/\/ronny-sachse.de\/brettken\/wp-json\/wp\/v2\/types\/page"}],"author":[{"embeddable":true,"href":"http:\/\/ronny-sachse.de\/brettken\/wp-json\/wp\/v2\/users\/1"}],"replies":[{"embeddable":true,"href":"http:\/\/ronny-sachse.de\/brettken\/wp-json\/wp\/v2\/comments?post=192"}],"version-history":[{"count":5,"href":"http:\/\/ronny-sachse.de\/brettken\/wp-json\/wp\/v2\/pages\/192\/revisions"}],"predecessor-version":[{"id":206,"href":"http:\/\/ronny-sachse.de\/brettken\/wp-json\/wp\/v2\/pages\/192\/revisions\/206"}],"wp:attachment":[{"href":"http:\/\/ronny-sachse.de\/brettken\/wp-json\/wp\/v2\/media?parent=192"}],"curies":[{"name":"wp","href":"https:\/\/api.w.org\/{rel}","templated":true}]}}