{"id":17,"date":"2015-02-23T16:25:01","date_gmt":"2015-02-23T15:25:01","guid":{"rendered":"http:\/\/ronny-sachse.de\/brettken\/?page_id=17"},"modified":"2016-05-14T18:39:03","modified_gmt":"2016-05-14T17:39:03","slug":"ueber-uns-2","status":"publish","type":"page","link":"http:\/\/ronny-sachse.de\/brettken\/ueber-uns-2\/","title":{"rendered":"\u00dcber uns"},"content":{"rendered":"<p style=\"text-align: center;\"><strong>Amateurtheater Nachrodt<br \/>\n\u201eDas Brettken am Dr\u00f6gen P\u00fctt\u201d<\/strong><\/p>\n<p style=\"text-align: justify;\">Das \u201eBrettken\u201d ist seit seiner Gr\u00fcndung 1975 nunmehr seit Jahrzehnten (mit nat\u00fcrlich immer neu hinzugekommenen Ensemblemitgliedern) in 58769 Nachrodt-Wiblingwerde beheimatet, d.h. zwischen Iserlohn und Altena im M\u00e4rkischen Kreis.<br \/>\nIn jedem Jahr werden \u00fcblicherweise zwei St\u00fccke geprobt und aufgef\u00fchrt: Im Sommer gibt es (f\u00fcr die \u201eGro\u00dfen\u201d) eine erfrischende Kom\u00f6die, in der Vorweihnachtszeit (f\u00fcr die \u201eKleinen\u201d) ein M\u00e4rchen.<br \/>\nU.a. werden der B\u00fchnenaufbau und die B\u00fchnendekorationen von uns vollst\u00e4ndig, die Kost\u00fcmierung gr\u00f6\u00dftenteils selbst erstellt &#8211; au\u00dfer der Probenarbeit gibt\u00b4s daher immer und f\u00fcr jeden genug zu tun&#8230;<\/p>\n<p><strong>\u00dcbrigens: die Proben finden <\/strong>(au\u00dfer in den NRW-Schulferien &#8211; dann nur nach Absprache) <strong>regelm\u00e4\u00dfig montags von 19:30-21:30 Uhr im Haus der AWO (Hagener Str. 96) in Nachrodt statt. Sonderprobentermine und -orte nach Absprache!<\/strong><\/p>\n<p>Jeder, der sich f\u00fcr eine Mitarbeit in unserer engagierten Gruppe als Darsteller oder auch f\u00fcr eine der vielen T\u00e4tigkeiten \u201ehinter den Kulissen\u201d interessiert (oder einfach nur neugierig auf uns ist), ist herzlich eingeladen! Auch das Alter sollte keinen Hinderungsgrund darstellen &#8211; in unserem Ensemble finden sich alle Altersgruppen vom Sch\u00fcler bis zum Rentner. Und selbstverst\u00e4ndlich sind uns Damen und Herren gleicherma\u00dfen willkommen!<br \/>\nF\u00fcr den B\u00fchnenbau, die Ausstattung mit Requisiten und Kost\u00fcmen und und und&#8230; sind handwerklich\/technische Vorkenntnisse nat\u00fcrlich sch\u00f6n und hilfreich, aber keine zwingende Voraussetzung&#8230; zum Mithelfen gen\u00fcgt am Anfang schon die Freude daran, sich im Kreise Gleichgesinnter kreativ mit der unwahrscheinlich vielf\u00e4ltigen Sache \u201eTheater\u201d zu besch\u00e4ftigen. Der Rest kommt dann fast von alleine&#8230;<br \/>\nAlso, nur Mut &#8211; und Mitmachen!<\/p>\n","protected":false},"excerpt":{"rendered":"<p>Amateurtheater Nachrodt \u201eDas Brettken am Dr\u00f6gen P\u00fctt\u201d Das \u201eBrettken\u201d ist seit seiner Gr\u00fcndung 1975 nunmehr seit Jahrzehnten (mit nat\u00fcrlich immer neu hinzugekommenen Ensemblemitgliedern) in 58769 Nachrodt-Wiblingwerde beheimatet, d.h. zwischen Iserlohn und Altena im M\u00e4rkischen Kreis. In jedem Jahr werden \u00fcblicherweise zwei St\u00fccke geprobt und aufgef\u00fchrt: Im Sommer gibt es (f\u00fcr die \u201eGro\u00dfen\u201d) eine erfrischende Kom\u00f6die, &#8230; <a title=\"\u00dcber uns\" class=\"read-more\" href=\"http:\/\/ronny-sachse.de\/brettken\/ueber-uns-2\/\">weiterlesen<\/a><\/p>\n","protected":false},"author":1,"featured_media":0,"parent":0,"menu_order":0,"comment_status":"closed","ping_status":"open","template":"","meta":[],"_links":{"self":[{"href":"http:\/\/ronny-sachse.de\/brettken\/wp-json\/wp\/v2\/pages\/17"}],"collection":[{"href":"http:\/\/ronny-sachse.de\/brettken\/wp-json\/wp\/v2\/pages"}],"about":[{"href":"http:\/\/ronny-sachse.de\/brettken\/wp-json\/wp\/v2\/types\/page"}],"author":[{"embeddable":true,"href":"http:\/\/ronny-sachse.de\/brettken\/wp-json\/wp\/v2\/users\/1"}],"replies":[{"embeddable":true,"href":"http:\/\/ronny-sachse.de\/brettken\/wp-json\/wp\/v2\/comments?post=17"}],"version-history":[{"count":7,"href":"http:\/\/ronny-sachse.de\/brettken\/wp-json\/wp\/v2\/pages\/17\/revisions"}],"predecessor-version":[{"id":98,"href":"http:\/\/ronny-sachse.de\/brettken\/wp-json\/wp\/v2\/pages\/17\/revisions\/98"}],"wp:attachment":[{"href":"http:\/\/ronny-sachse.de\/brettken\/wp-json\/wp\/v2\/media?parent=17"}],"curies":[{"name":"wp","href":"https:\/\/api.w.org\/{rel}","templated":true}]}}