{"id":14,"date":"2015-02-19T17:09:54","date_gmt":"2015-02-19T16:09:54","guid":{"rendered":"http:\/\/ronny-sachse.de\/brettken\/?page_id=14"},"modified":"2022-08-21T13:46:54","modified_gmt":"2022-08-21T12:46:54","slug":"aktuelles","status":"publish","type":"page","link":"http:\/\/ronny-sachse.de\/brettken\/aktuelles\/","title":{"rendered":"Shirley\u00b4s Tempel"},"content":{"rendered":"Unser neues St\u00fcck, welches wir euch pr\u00e4sentieren.\n\nMittwoch, 07.09.22 (19:30 Uhr), Sonntag, 11.09.22 (18:00 Uhr), Samstag, 17.09.22 (19:30 Uhr)\n\nTickets sind ab sofort verf\u00fcgbar.\n\nDiese k\u00f6nnen \u00fcber die Seite des <a href=\"https:\/\/werkhof-kulturzentrum.de\/veranstaltungen\/liste\/?tribe-bar-search=brettken\">Werkhof Hohenlimburg<\/a> zum Preis von 11,00 \u20ac erworben werden\n\nMehr zum St\u00fcck k\u00f6nnt ihr <a href=\"http:\/\/ronny-sachse.de\/brettken\/aktuelles\/auffuehrung\/\">hier<\/a> erfahren\n\n<a href=\"http:\/\/ronny-sachse.de\/brettken\/wp-content\/uploads\/2022\/08\/OldPicture.png\"><img loading=\"lazy\" class=\"aligncenter size-large wp-image-251\" src=\"http:\/\/ronny-sachse.de\/brettken\/wp-content\/uploads\/2022\/08\/OldPicture-1024x374.png\" alt=\"\" width=\"1024\" height=\"374\" srcset=\"http:\/\/ronny-sachse.de\/brettken\/wp-content\/uploads\/2022\/08\/OldPicture-1024x374.png 1024w, http:\/\/ronny-sachse.de\/brettken\/wp-content\/uploads\/2022\/08\/OldPicture-300x110.png 300w, http:\/\/ronny-sachse.de\/brettken\/wp-content\/uploads\/2022\/08\/OldPicture-768x280.png 768w, http:\/\/ronny-sachse.de\/brettken\/wp-content\/uploads\/2022\/08\/OldPicture-1536x561.png 1536w, http:\/\/ronny-sachse.de\/brettken\/wp-content\/uploads\/2022\/08\/OldPicture-2048x748.png 2048w\" sizes=\"(max-width: 1024px) 100vw, 1024px\" \/><\/a>\n\n\n\nAuff\u00fchrungsort :\n\n \n<h3>Werkhof Kulturzentrum e.V. im Theatersaal<\/h3>\n \n\nKaiserstr. 1\n58119 Hagen-Hohenlimburg\n\n","protected":false},"excerpt":{"rendered":"<p>Unser neues St\u00fcck, welches wir euch pr\u00e4sentieren. Mittwoch, 07.09.22 (19:30 Uhr), Sonntag, 11.09.22 (18:00 Uhr), Samstag, 17.09.22 (19:30 Uhr) Tickets sind ab sofort verf\u00fcgbar. Diese k\u00f6nnen \u00fcber die Seite des Werkhof Hohenlimburg zum Preis von 11,00 \u20ac erworben werden Mehr zum St\u00fcck k\u00f6nnt ihr hier erfahren Auff\u00fchrungsort : Werkhof Kulturzentrum e.V. im Theatersaal Kaiserstr. 1 &#8230; <a title=\"Shirley\u00b4s Tempel\" class=\"read-more\" href=\"http:\/\/ronny-sachse.de\/brettken\/aktuelles\/\">weiterlesen<\/a><\/p>\n","protected":false},"author":1,"featured_media":0,"parent":0,"menu_order":0,"comment_status":"closed","ping_status":"open","template":"","meta":[],"_links":{"self":[{"href":"http:\/\/ronny-sachse.de\/brettken\/wp-json\/wp\/v2\/pages\/14"}],"collection":[{"href":"http:\/\/ronny-sachse.de\/brettken\/wp-json\/wp\/v2\/pages"}],"about":[{"href":"http:\/\/ronny-sachse.de\/brettken\/wp-json\/wp\/v2\/types\/page"}],"author":[{"embeddable":true,"href":"http:\/\/ronny-sachse.de\/brettken\/wp-json\/wp\/v2\/users\/1"}],"replies":[{"embeddable":true,"href":"http:\/\/ronny-sachse.de\/brettken\/wp-json\/wp\/v2\/comments?post=14"}],"version-history":[{"count":21,"href":"http:\/\/ronny-sachse.de\/brettken\/wp-json\/wp\/v2\/pages\/14\/revisions"}],"predecessor-version":[{"id":266,"href":"http:\/\/ronny-sachse.de\/brettken\/wp-json\/wp\/v2\/pages\/14\/revisions\/266"}],"wp:attachment":[{"href":"http:\/\/ronny-sachse.de\/brettken\/wp-json\/wp\/v2\/media?parent=14"}],"curies":[{"name":"wp","href":"https:\/\/api.w.org\/{rel}","templated":true}]}}