{"id":127,"date":"2016-12-11T22:57:16","date_gmt":"2016-12-11T21:57:16","guid":{"rendered":"http:\/\/ronny-sachse.de\/brettken\/?page_id=127"},"modified":"2016-12-11T23:01:30","modified_gmt":"2016-12-11T22:01:30","slug":"sommerstueck-2016-amaretto","status":"publish","type":"page","link":"http:\/\/ronny-sachse.de\/brettken\/ueber-uns-2\/archiv\/sommerstueck-2016-amaretto\/","title":{"rendered":"Sommerst\u00fcck 2016 &#8211; Amaretto"},"content":{"rendered":"<p><span style=\"text-decoration: underline; color: #fe990e;\"><strong>&#8222;AMARETTO&#8220;<br \/>\n<\/strong><\/span><br \/>\nEs ist ein Februarabend im Moormann\u00b4schen Anwesen, abgeschieden gelegen drau\u00dfen auf dem Land. W\u00e4hrend das Wetter sich mit kr\u00e4ftigem Sturm und Regen austobt, laufen im Haus die letzten Vorbereitungen fu\u0308r die Geburtstagsfeier der Hausherrin, die verwitwete Beatrice Moormann. Der verblichene Ehegatte, Konsul Moormann, hat ihr ein riesiges Finanz- und Handelsimperium hinterlassen &#8211; das Wort \u201eMangel\u201c war in diesem Haus immer schon ein Fremdwort. Dennoch wird die Geburtstagsfeier wie alle Jahre zuvor im kleinen Kreis stattfinden &#8211; eine Handvoll der n\u00e4chsten Angeh\u00f6rigen und ein, zwei gute, alte Freunde sind eingeladen.<\/p>\n<p>Mit dem Zusammentreffen der ersten G\u00e4ste wird aber schnell klar: ein Herz und eine Seele ist man im Moormann-Clan nicht miteinander. Um den Schein zu wahren und Beatrice nicht den Geburtstag zu verderben, rei\u00dft sich jeder zusammen&#8230; und das wird auf eine harte Probe gestellt, als direkt hinter dem letzten eintreffenden Gast die einzige Zufahrt zum Anwesen durch den Sturm zerst\u00f6rt wird. Jetzt wird man es doch noch l\u00e4ngere Zeit miteinander aushalten mu\u0308ssen, die Nerven liegen blank &#8211; und dann geschieht das Unerwartete: ein pl\u00f6tzlicher Todesfall unter den Anwesenden!<\/p>\n<p>War das&#8230; Mord? Und wenn ja: wer von den wenigen Anwesenden war dann der M\u00f6rder?<br \/>\nWem kann man jetzt noch trauen?<\/p>\n<p><a href=\"http:\/\/ronny-sachse.de\/brettken\/wp-content\/uploads\/2016\/05\/amaretto.png\"><img loading=\"lazy\" class=\"aligncenter wp-image-113\" src=\"http:\/\/ronny-sachse.de\/brettken\/wp-content\/uploads\/2016\/05\/amaretto-1024x507.png\" alt=\"amaretto\" width=\"1125\" height=\"557\" srcset=\"http:\/\/ronny-sachse.de\/brettken\/wp-content\/uploads\/2016\/05\/amaretto-1024x507.png 1024w, http:\/\/ronny-sachse.de\/brettken\/wp-content\/uploads\/2016\/05\/amaretto-300x149.png 300w, http:\/\/ronny-sachse.de\/brettken\/wp-content\/uploads\/2016\/05\/amaretto-768x380.png 768w\" sizes=\"(max-width: 1125px) 100vw, 1125px\" \/><\/a><\/p>\n<p><span style=\"text-decoration: underline; color: #fe990e;\"><strong>Besetzungsliste &#8222;AMARETTO&#8220;<br \/>\n<\/strong><\/span><\/p>\n<p><strong>Tanja te Poel<\/strong><br \/>\nBeatrice Moormann<\/p>\n<p><strong>Manuela Witt<\/strong><br \/>\nJulia Moormann<\/p>\n<p><strong>Horst Schr\u00f6der<\/strong><br \/>\nManfred Reimers<\/p>\n<p><strong>Marina Moldenhauer<\/strong><br \/>\nNicola Rohde<\/p>\n<p><strong>Thorsten Ku\u0308hn<\/strong><br \/>\nAndreas Lu\u0308decke<\/p>\n<p><strong>Frauke R\u00f6mer<\/strong><br \/>\nKarin<\/p>\n<p><strong>Dr. Michael Podworny<\/strong><br \/>\nDr. Hadenfeld<\/p>\n<p>* * * * * * * * * * * * * * * * * * * * * * * * * * * * * * * *<\/p>\n<p><span style=\"text-decoration: underline;\"><strong>Regie\/Spielleitung<br \/>\n<\/strong><\/span>Dr. Michael Podworny<\/p>\n<p><strong>Souffleur<\/strong><br \/>\nChristoph K\u00fchn<\/p>\n<p><span style=\"text-decoration: underline;\"><strong>Plakatentwurf<br \/>\n<\/strong><\/span>Andreas Schlennstedt, Ronny Sachse<\/p>\n<p><span style=\"text-decoration: underline;\"><strong>Technik\/B\u00fchnenbau<br \/>\n<\/strong><\/span>Horst Schr\u00f6der, Dr. Michael Podworny und viele andere<\/p>\n","protected":false},"excerpt":{"rendered":"<p>&#8222;AMARETTO&#8220; Es ist ein Februarabend im Moormann\u00b4schen Anwesen, abgeschieden gelegen drau\u00dfen auf dem Land. W\u00e4hrend das Wetter sich mit kr\u00e4ftigem Sturm und Regen austobt, laufen im Haus die letzten Vorbereitungen fu\u0308r die Geburtstagsfeier der Hausherrin, die verwitwete Beatrice Moormann. Der verblichene Ehegatte, Konsul Moormann, hat ihr ein riesiges Finanz- und Handelsimperium hinterlassen &#8211; das Wort &#8230; <a title=\"Sommerst\u00fcck 2016 &#8211; Amaretto\" class=\"read-more\" href=\"http:\/\/ronny-sachse.de\/brettken\/ueber-uns-2\/archiv\/sommerstueck-2016-amaretto\/\">weiterlesen<\/a><\/p>\n","protected":false},"author":1,"featured_media":0,"parent":99,"menu_order":20,"comment_status":"closed","ping_status":"closed","template":"","meta":[],"_links":{"self":[{"href":"http:\/\/ronny-sachse.de\/brettken\/wp-json\/wp\/v2\/pages\/127"}],"collection":[{"href":"http:\/\/ronny-sachse.de\/brettken\/wp-json\/wp\/v2\/pages"}],"about":[{"href":"http:\/\/ronny-sachse.de\/brettken\/wp-json\/wp\/v2\/types\/page"}],"author":[{"embeddable":true,"href":"http:\/\/ronny-sachse.de\/brettken\/wp-json\/wp\/v2\/users\/1"}],"replies":[{"embeddable":true,"href":"http:\/\/ronny-sachse.de\/brettken\/wp-json\/wp\/v2\/comments?post=127"}],"version-history":[{"count":2,"href":"http:\/\/ronny-sachse.de\/brettken\/wp-json\/wp\/v2\/pages\/127\/revisions"}],"predecessor-version":[{"id":129,"href":"http:\/\/ronny-sachse.de\/brettken\/wp-json\/wp\/v2\/pages\/127\/revisions\/129"}],"up":[{"embeddable":true,"href":"http:\/\/ronny-sachse.de\/brettken\/wp-json\/wp\/v2\/pages\/99"}],"wp:attachment":[{"href":"http:\/\/ronny-sachse.de\/brettken\/wp-json\/wp\/v2\/media?parent=127"}],"curies":[{"name":"wp","href":"https:\/\/api.w.org\/{rel}","templated":true}]}}