{"id":102,"date":"2016-05-14T18:45:52","date_gmt":"2016-05-14T17:45:52","guid":{"rendered":"http:\/\/ronny-sachse.de\/brettken\/?page_id=102"},"modified":"2016-12-11T23:01:35","modified_gmt":"2016-12-11T22:01:35","slug":"winterstueck-2015","status":"publish","type":"page","link":"http:\/\/ronny-sachse.de\/brettken\/ueber-uns-2\/archiv\/winterstueck-2015\/","title":{"rendered":"Winterst\u00fcck 2015 &#8211; Urmel aus dem Eis"},"content":{"rendered":"<p><span style=\"color: #0000ff;\"><strong><span style=\"text-decoration: underline;\">Urmel aus dem Eis<\/span><\/strong><\/span><\/p>\n<p>Professor Habakuk Tibatong hat eine Methode entwickelt, den Tieren das Sprechen beizubringen. Was bei seinen Winkelberger Professoren Kollegen auf gro\u00dfen Hohn und Ablehnung st\u00f6\u00dft. Nachdem die Universit\u00e4t dem Professor das Lehramt entzogen hat, verl\u00e4sst er seine Heimatstadt gemeinsam mit seinem sprechenden Hausschwein Wutz und dem Waisenjungen Tim Tintenklecks. Gemeinsam lassen sie sich auf der kleinen Insel Titiwu nieder und gr\u00fcnden eine Sprachschule f\u00fcr Tiere. Zu seinen eifrigen Sch\u00fclern z\u00e4hlen der freche Ping Pinguin, der flinke Waran Wawa, Schusch der naseweise Schuhschnabel und der immer traurige Seele-Fant.<\/p>\n<p>Eines Tages entdecken Wawa und Ping einen an den Strand gesp\u00fclten Eisberg, der ein gro\u00dfes Ei enth\u00e4lt. Von diesem Moment an steht die ganze Insel Kopf, denn aus dem Ei schl\u00fcpft ein seltsames gr\u00fcnes Tier, mit Schuppen und einem langen Schwanz. Ein Urmel. Als der Professor seinen Erzfeind Direktor Zwengelmann \u00fcber seine bahnbrechende Entdeckung informiert, bekommt auch K\u00f6nig Pumponell aus Pumpolonien Wind von der Sache. Um seine Troph\u00e4ensammlung zu vervollst\u00e4ndigen, fliegt der K\u00f6nig zusammen mit seinem Diener nach Titiwu, um das Urmel zu jagen.<\/p>\n<p><a href=\"http:\/\/ronny-sachse.de\/brettken\/wp-content\/uploads\/2015\/02\/Urmel-Poster-farbe1-web1.jpg\"><img loading=\"lazy\" class=\"aligncenter size-full wp-image-88\" src=\"http:\/\/ronny-sachse.de\/brettken\/wp-content\/uploads\/2015\/02\/Urmel-Poster-farbe1-web1.jpg\" alt=\"Urmel-Poster-farbe1-web1\" width=\"1123\" height=\"556\" srcset=\"http:\/\/ronny-sachse.de\/brettken\/wp-content\/uploads\/2015\/02\/Urmel-Poster-farbe1-web1.jpg 1123w, http:\/\/ronny-sachse.de\/brettken\/wp-content\/uploads\/2015\/02\/Urmel-Poster-farbe1-web1-300x149.jpg 300w, http:\/\/ronny-sachse.de\/brettken\/wp-content\/uploads\/2015\/02\/Urmel-Poster-farbe1-web1-1024x507.jpg 1024w\" sizes=\"(max-width: 1123px) 100vw, 1123px\" \/><\/a><\/p>\n<p><span style=\"text-decoration: underline; color: #0000ff;\"><strong>Besetzungsliste<\/strong><\/span><\/p>\n<p><strong><span style=\"text-decoration: underline;\">Manuela Witt<\/span><br \/>\n<\/strong>Urmel<\/p>\n<p><span style=\"text-decoration: underline;\"><strong>Dr. Michael Podworny<br \/>\n<\/strong><\/span>Prof. Habakuk Tibatong<\/p>\n<p><strong><span style=\"text-decoration: underline;\">Julia R\u00f6mer<br \/>\n<\/span><\/strong>Tim Tintenklecks<\/p>\n<p><span style=\"text-decoration: underline;\"><strong>Frauke R\u00f6mer<br \/>\n<\/strong><\/span>Wutz<\/p>\n<p><span style=\"text-decoration: underline;\"><strong>Tanja te Poel<br \/>\n<\/strong><\/span>Ping Pinguin<\/p>\n<p><span style=\"text-decoration: underline;\"><strong>Marina Moldenhauer<br \/>\n<\/strong><\/span>Wawa Waran<\/p>\n<p><span style=\"text-decoration: underline;\"><strong>Larissa R\u00f6mer<br \/>\n<\/strong><\/span>Schusch Schuhschnabel<\/p>\n<p><span style=\"text-decoration: underline;\"><strong>Michael Kr\u00fcger<br \/>\n<\/strong><\/span>Seele Fant<\/p>\n<p><span style=\"text-decoration: underline;\"><strong>Horst Schr\u00f6der<br \/>\n<\/strong><\/span>K\u00f6nig Pumponell der 55.<\/p>\n<p><span style=\"text-decoration: underline;\"><strong>Thorsten K\u00fchn<br \/>\n<\/strong><\/span>Diener des K\u00f6nigs<\/p>\n<p><span style=\"text-decoration: underline;\"><strong>Sebastian Riecke<br \/>\n<\/strong><\/span>Riesenkrabbe<\/p>\n<p><span style=\"text-decoration: underline;\"><strong>Fischballett<br \/>\n<\/strong><\/span>Amrei Podworny, Felix Podworny, Selina Rump, Fabienne Rump, Thessa R\u00f6mer, Sido R\u00f6mer, Madleen Witt, Melina Witt<\/p>\n<p>* * * * * * * * * * * * * * * * * * * * * * * * * * * * * * * *<\/p>\n<p><span style=\"text-decoration: underline;\"><strong>Regie\/Spielleitung<br \/>\n<\/strong><\/span>Dr. Michael Podworny<\/p>\n<p><span style=\"text-decoration: underline;\"><strong>Musik<br \/>\n<\/strong><\/span>R\u00fcdiger Grawe<\/p>\n<p><span style=\"text-decoration: underline;\"><strong>Plakatentwurf<br \/>\n<\/strong><\/span>Andreas Schlennstedt, Ronny Sachse<\/p>\n<p><span style=\"text-decoration: underline;\"><strong>Ballettregie<br \/>\n<\/strong><\/span>Thorsten Paul<\/p>\n<p><span style=\"text-decoration: underline;\"><strong>Technik\/B\u00fchnenbau<br \/>\n<\/strong><\/span>Horst Schr\u00f6der, Dr. Michael Podworny und viele andere<\/p>\n","protected":false},"excerpt":{"rendered":"<p>Urmel aus dem Eis Professor Habakuk Tibatong hat eine Methode entwickelt, den Tieren das Sprechen beizubringen. Was bei seinen Winkelberger Professoren Kollegen auf gro\u00dfen Hohn und Ablehnung st\u00f6\u00dft. Nachdem die Universit\u00e4t dem Professor das Lehramt entzogen hat, verl\u00e4sst er seine Heimatstadt gemeinsam mit seinem sprechenden Hausschwein Wutz und dem Waisenjungen Tim Tintenklecks. Gemeinsam lassen sie &#8230; <a title=\"Winterst\u00fcck 2015 &#8211; Urmel aus dem Eis\" class=\"read-more\" href=\"http:\/\/ronny-sachse.de\/brettken\/ueber-uns-2\/archiv\/winterstueck-2015\/\">weiterlesen<\/a><\/p>\n","protected":false},"author":1,"featured_media":0,"parent":99,"menu_order":10,"comment_status":"closed","ping_status":"closed","template":"","meta":[],"_links":{"self":[{"href":"http:\/\/ronny-sachse.de\/brettken\/wp-json\/wp\/v2\/pages\/102"}],"collection":[{"href":"http:\/\/ronny-sachse.de\/brettken\/wp-json\/wp\/v2\/pages"}],"about":[{"href":"http:\/\/ronny-sachse.de\/brettken\/wp-json\/wp\/v2\/types\/page"}],"author":[{"embeddable":true,"href":"http:\/\/ronny-sachse.de\/brettken\/wp-json\/wp\/v2\/users\/1"}],"replies":[{"embeddable":true,"href":"http:\/\/ronny-sachse.de\/brettken\/wp-json\/wp\/v2\/comments?post=102"}],"version-history":[{"count":4,"href":"http:\/\/ronny-sachse.de\/brettken\/wp-json\/wp\/v2\/pages\/102\/revisions"}],"predecessor-version":[{"id":115,"href":"http:\/\/ronny-sachse.de\/brettken\/wp-json\/wp\/v2\/pages\/102\/revisions\/115"}],"up":[{"embeddable":true,"href":"http:\/\/ronny-sachse.de\/brettken\/wp-json\/wp\/v2\/pages\/99"}],"wp:attachment":[{"href":"http:\/\/ronny-sachse.de\/brettken\/wp-json\/wp\/v2\/media?parent=102"}],"curies":[{"name":"wp","href":"https:\/\/api.w.org\/{rel}","templated":true}]}}